{"id":6031,"date":"2022-06-20T10:45:26","date_gmt":"2022-06-20T15:45:26","guid":{"rendered":"http:\/\/freedom-auto-ins.three.zysites.com\/about-us\/"},"modified":"2023-12-20T14:58:58","modified_gmt":"2023-12-20T20:58:58","slug":"about-us","status":"publish","type":"page","link":"https:\/\/www.freedomautosagency.com\/es\/about-us\/","title":{"rendered":"Sobre nosotros"},"content":{"rendered":"<p><strong>Freedom Auto Insurance<\/strong> es una agencia de seguros independiente que representa a muchas compa\u00f1\u00edas diferentes. Seleccionamos cuidadosamente a nuestros proveedores para brindarle el mejor nivel de servicio, precio y cobertura. Como agentes de seguros independientes, tenemos la capacidad de elegir la mejor compa\u00f1\u00eda para sus necesidades particulares. Esa es la principal ventaja de utilizar una agencia de seguros independiente, trabajamos para satisfacer tus necesidades.<\/p>\n<p>Nuestro objetivo es educar y servir a nuestra comunidad y sus alrededores. A trav\u00e9s de nuestros recursos y conocimientos, nos esforzamos por educar a la comunidad sobre las mejores opciones para sus necesidades de seguro. Podemos proporcionarle una evaluaci\u00f3n de sus necesidades de seguro y luego ofrecerle opciones para que elija la que mejor se adapte a sus necesidades.<\/p>\n<p>Estamos dedicados a brindar a nuestros clientes la mejor cobertura a tarifas competitivas. Simplemente haga una llamada a nuestra agencia y podremos comprar su cobertura a trav\u00e9s de muchas de las mejores compa\u00f1\u00edas. Con nuestro personal profesional, podemos ser el enlace entre usted y la compa\u00f1\u00eda de seguros en caso de un reclamo. \u00a1Trabajamos para ti!<\/p>\n<p>Nuestro deseo es que usted tenga una experiencia general positiva con Freedom Auto Insurance. Servir a nuestros clientes y ofrecer la mejor cobertura al precio m\u00e1s asequible es nuestra prioridad. Se obtiene a trav\u00e9s de nuestro enfoque de servicio personalizado. Ll\u00e1menos al 256-857-7163 o, para una entrega m\u00e1s r\u00e1pida, env\u00ede su informaci\u00f3n en uno de nuestros formularios de cotizaci\u00f3n. Estaremos encantados de responder cualquiera de sus preguntas sobre seguros y brindarle una cobertura r\u00e1pida y asequible para que se sienta tranquilo.<\/p>\n<p>Contamos con un especialista en reclamos que dedica su tiempo espec\u00edficamente a usted y para usted. \u00a1Luchamos por ti! Freedom Auto Insurance puede ayudarlo a superar los momentos m\u00e1s dif\u00edciles y educarlo sobre coberturas espec\u00edficas que se adapten a las necesidades de su familia para garantizar que su experiencia de reclamos se desarrolle sin problemas.<\/p>\n<p>Nuestro equipo en Freedom Auto Insurance atiende a clientes en todo el estado de Alabama, incluidos Guntersville, Boaz, Arab, Grant, Gadsden, Birmingham, Vestavia Hills, Moody, Mountain Brook, Homewood, Hoover, Huntsville, Decatur, Atenas, Madison, Tuscaloosa, Montgomery. , Owens Cross Roads y Cullman, solo por nombrar algunos.<\/p>\n<p>Freedom Auto Insurance se encuentra en Albertville (Alabama).<\/p>\n<p>La direcci\u00f3n de la ubicaci\u00f3n es 5850 US-431 #21, Albertville, AL 35950.<\/p>\n","protected":false},"excerpt":{"rendered":"<p>Freedom Auto Insurance es una agencia de seguros independiente que representa a muchas compa\u00f1\u00edas diferentes. Seleccionamos cuidadosamente a nuestros proveedores para brindarle el mejor nivel de servicio, precio y cobertura. Como agentes de seguros independientes, tenemos la capacidad de elegir la mejor compa\u00f1\u00eda para sus necesidades particulares. Esa es la principal ventaja de utilizar una [&hellip;]<\/p>\n","protected":false},"author":35,"featured_media":0,"parent":0,"menu_order":0,"comment_status":"closed","ping_status":"closed","template":"","meta":{"_acf_changed":false,"_seopress_robots_primary_cat":null,"_seopress_titles_title":"","_seopress_titles_desc":"","_seopress_robots_index":"","_analytify_skip_tracking":false,"footnotes":""},"class_list":["post-6031","page","type-page","status-publish","hentry"],"acf":[],"_links":{"self":[{"href":"https:\/\/www.freedomautosagency.com\/es\/wp-json\/wp\/v2\/pages\/6031","targetHints":{"allow":["GET"]}}],"collection":[{"href":"https:\/\/www.freedomautosagency.com\/es\/wp-json\/wp\/v2\/pages"}],"about":[{"href":"https:\/\/www.freedomautosagency.com\/es\/wp-json\/wp\/v2\/types\/page"}],"author":[{"embeddable":true,"href":"https:\/\/www.freedomautosagency.com\/es\/wp-json\/wp\/v2\/users\/35"}],"replies":[{"embeddable":true,"href":"https:\/\/www.freedomautosagency.com\/es\/wp-json\/wp\/v2\/comments?post=6031"}],"version-history":[{"count":0,"href":"https:\/\/www.freedomautosagency.com\/es\/wp-json\/wp\/v2\/pages\/6031\/revisions"}],"wp:attachment":[{"href":"https:\/\/www.freedomautosagency.com\/es\/wp-json\/wp\/v2\/media?parent=6031"}],"curies":[{"name":"wp","href":"https:\/\/api.w.org\/{rel}","templated":true}]}}